{"id":1079,"date":"2024-09-09T19:02:58","date_gmt":"2024-09-09T19:02:58","guid":{"rendered":"https:\/\/molecularcreat.wpenginepowered.com\/?page_id=1079"},"modified":"2025-09-10T15:09:09","modified_gmt":"2025-09-10T15:09:09","slug":"about-molecular","status":"publish","type":"page","link":"https:\/\/molecularcreative.pl\/pl\/about-molecular\/","title":{"rendered":"About Molecular"},"content":{"rendered":"<div data-elementor-type=\"wp-page\" data-elementor-id=\"1079\" class=\"elementor elementor-1079\" data-elementor-post-type=\"page\">\n\t\t\t\t<div class=\"elementor-element elementor-element-b5ced50 e-flex e-con-boxed e-con e-parent\" data-id=\"b5ced50\" data-element_type=\"container\" data-e-type=\"container\" data-settings=\"{&quot;background_background&quot;:&quot;classic&quot;}\">\n\t\t\t\t\t<div class=\"e-con-inner\">\n\t\t\t\t<div class=\"elementor-element elementor-element-4834f0c elementor-view-default elementor-widget elementor-widget-icon\" data-id=\"4834f0c\" data-element_type=\"widget\" data-e-type=\"widget\" data-widget_type=\"icon.default\">\n\t\t\t\t<div class=\"elementor-widget-container\">\n\t\t\t\t\t\t\t<div class=\"elementor-icon-wrapper\">\n\t\t\t<a class=\"elementor-icon\" href=\"https:\/\/molecularcreative.pl\/pl\">\n\t\t\t<svg xmlns=\"http:\/\/www.w3.org\/2000\/svg\" xmlns:xlink=\"http:\/\/www.w3.org\/1999\/xlink\" width=\"99.119\" height=\"50\" viewbox=\"0 0 99.119 50\"><defs><clippath id=\"clip-path\"><rect id=\"Rectangle_50\" data-name=\"Rectangle 50\" width=\"99.119\" height=\"50\" fill=\"none\" stroke=\"#000\" stroke-width=\"3\"><\/rect><\/clippath><\/defs><g id=\"Group_126\" data-name=\"Group 126\" transform=\"translate(-106.705 -191.5)\"><g id=\"Group_125\" data-name=\"Group 125\" transform=\"translate(205.824 241.5) rotate(180)\"><g id=\"Group_124\" data-name=\"Group 124\" transform=\"translate(0 0)\" clip-path=\"url(#clip-path)\"><path id=\"Path_84\" data-name=\"Path 84\" d=\"M118.366.707l24.56,24.56-24.56,24.56\" transform=\"translate(-44.686 -0.267)\" fill=\"none\" stroke=\"#000\" stroke-width=\"3\"><\/path><line id=\"Line_20\" data-name=\"Line 20\" x1=\"98.239\" transform=\"translate(0 25)\" fill=\"none\" stroke=\"#000\" stroke-width=\"3\"><\/line><\/g><\/g><\/g><\/svg>\t\t\t<\/a>\n\t\t<\/div>\n\t\t\t\t\t\t<\/div>\n\t\t\t\t<\/div>\n\t\t\t\t\t<\/div>\n\t\t\t\t<\/div>\n\t\t<div class=\"elementor-element elementor-element-b21d96b e-flex e-con-boxed e-con e-parent\" data-id=\"b21d96b\" data-element_type=\"container\" data-e-type=\"container\" data-settings=\"{&quot;background_background&quot;:&quot;classic&quot;}\">\n\t\t\t\t\t<div class=\"e-con-inner\">\n\t\t<div class=\"elementor-element elementor-element-c295167 e-con-full e-flex e-con e-child\" data-id=\"c295167\" data-element_type=\"container\" data-e-type=\"container\">\n\t\t<div class=\"elementor-element elementor-element-94722db e-con-full e-flex e-con e-child\" data-id=\"94722db\" data-element_type=\"container\" data-e-type=\"container\">\n\t\t\t\t<div class=\"elementor-element elementor-element-48d780e elementor-widget__width-initial elementor-widget elementor-widget-heading\" data-id=\"48d780e\" data-element_type=\"widget\" data-e-type=\"widget\" data-widget_type=\"heading.default\">\n\t\t\t\t<div class=\"elementor-widget-container\">\n\t\t\t\t\t<h1 class=\"elementor-heading-title elementor-size-default\">Poznaj Molecular.<\/h1>\t\t\t\t<\/div>\n\t\t\t\t<\/div>\n\t\t\t\t<\/div>\n\t\t<div class=\"elementor-element elementor-element-5411e81 e-con-full e-flex e-con e-child\" data-id=\"5411e81\" data-element_type=\"container\" data-e-type=\"container\">\n\t\t\t\t<div class=\"elementor-element elementor-element-f0060bf elementor-widget elementor-widget-heading\" data-id=\"f0060bf\" data-element_type=\"widget\" data-e-type=\"widget\" data-widget_type=\"heading.default\">\n\t\t\t\t<div class=\"elementor-widget-container\">\n\t\t\t\t\t<p class=\"elementor-heading-title elementor-size-default\">Prze\u0142omowe czasy wymagaj\u0105 prze\u0142omowej kreatywno\u015bci.<\/p>\t\t\t\t<\/div>\n\t\t\t\t<\/div>\n\t\t\t\t<\/div>\n\t\t\t\t<\/div>\n\t\t\t\t<div class=\"elementor-element elementor-element-c5b3f6a elementor-widget elementor-widget-image\" data-id=\"c5b3f6a\" data-element_type=\"widget\" data-e-type=\"widget\" data-widget_type=\"image.default\">\n\t\t\t\t<div class=\"elementor-widget-container\">\n\t\t\t\t\t\t\t\t\t\t\t\t\t\t\t<img data-opt-id=1506677979  fetchpriority=\"high\" decoding=\"async\" width=\"2560\" height=\"1440\" src=\"https:\/\/mlsqfwfcwruq.i.optimole.com\/cb:ngZ0.37428\/w:1920\/h:1080\/q:mauto\/ig:avif\/https:\/\/molecularcreative.pl\/wp-content\/uploads\/2024\/09\/About-Molecular-scaled-copy.png\" class=\"attachment-full size-full wp-image-2343\" alt=\"\" srcset=\"https:\/\/mlsqfwfcwruq.i.optimole.com\/cb:ngZ0.37428\/w:1920\/h:1080\/q:mauto\/ig:avif\/https:\/\/molecularcreative.pl\/wp-content\/uploads\/2024\/09\/About-Molecular-scaled-copy.png 2560w, https:\/\/mlsqfwfcwruq.i.optimole.com\/cb:ngZ0.37428\/w:300\/h:169\/q:mauto\/ig:avif\/https:\/\/molecularcreative.pl\/wp-content\/uploads\/2024\/09\/About-Molecular-scaled-copy.png 300w, https:\/\/mlsqfwfcwruq.i.optimole.com\/cb:ngZ0.37428\/w:1024\/h:576\/q:mauto\/ig:avif\/https:\/\/molecularcreative.pl\/wp-content\/uploads\/2024\/09\/About-Molecular-scaled-copy.png 1024w, https:\/\/mlsqfwfcwruq.i.optimole.com\/cb:ngZ0.37428\/w:768\/h:432\/q:mauto\/ig:avif\/https:\/\/molecularcreative.pl\/wp-content\/uploads\/2024\/09\/About-Molecular-scaled-copy.png 768w, https:\/\/mlsqfwfcwruq.i.optimole.com\/cb:ngZ0.37428\/w:1536\/h:864\/q:mauto\/ig:avif\/https:\/\/molecularcreative.pl\/wp-content\/uploads\/2024\/09\/About-Molecular-scaled-copy.png 1536w, https:\/\/mlsqfwfcwruq.i.optimole.com\/cb:ngZ0.37428\/w:1920\/h:1080\/q:mauto\/ig:avif\/https:\/\/molecularcreative.pl\/wp-content\/uploads\/2024\/09\/About-Molecular-scaled-copy.png 2048w, https:\/\/mlsqfwfcwruq.i.optimole.com\/cb:ngZ0.37428\/w:18\/h:10\/q:mauto\/ig:avif\/dpr:2\/https:\/\/molecularcreative.pl\/wp-content\/uploads\/2024\/09\/About-Molecular-scaled-copy.png 18w\" sizes=\"(max-width: 800px) 100vw, 800px\" \/>\t\t\t\t\t\t\t\t\t\t\t\t\t\t\t<\/div>\n\t\t\t\t<\/div>\n\t\t<div class=\"elementor-element elementor-element-c88bb33 e-con-full e-flex e-con e-child\" data-id=\"c88bb33\" data-element_type=\"container\" data-e-type=\"container\">\n\t\t<div class=\"elementor-element elementor-element-65481b9 e-con-full e-flex e-con e-child\" data-id=\"65481b9\" data-element_type=\"container\" data-e-type=\"container\">\n\t\t\t\t<\/div>\n\t\t<div class=\"elementor-element elementor-element-732189b e-con-full e-flex e-con e-child\" data-id=\"732189b\" data-element_type=\"container\" data-e-type=\"container\">\n\t\t\t\t<div class=\"elementor-element elementor-element-01864a2 paragraph-gap elementor-widget elementor-widget-text-editor\" data-id=\"01864a2\" data-element_type=\"widget\" data-e-type=\"widget\" data-widget_type=\"text-editor.default\">\n\t\t\t\t<div class=\"elementor-widget-container\">\n\t\t\t\t\t\t\t\t\t<p style=\"font-weight: 400;\">Historia Molecular<\/p><p style=\"font-weight: 400;\">Molecular Worldwide powsta\u0142o w 2023 roku w wyniku po\u0142\u0105czenie agencji full-service BBDO Warszawa oraz agencji Molecular, zajmuj\u0105cej si\u0119 globalnymi us\u0142ugami e-commerce. W 2024 roku dosz\u0142o do integracji z londy\u0144sk\u0105 agencj\u0105 Haygarth i powstania firmy Omnicom Commerce Europe.<\/p><p style=\"font-weight: 400;\">Molecular Worldwide to unikalne po\u0142\u0105czenie tradycyjnej agencji z kompetencjami e-commerce. Jest to odpowied\u017a na wyzwania wsp\u00f3\u0142czesnego marketingu i spos\u00f3b na zmaksymalizowanie potencja\u0142u ka\u017cdej marki. Wykorzystujemy klasyczne metody strategii i komunikacji, aby stworzy\u0107 kompleksowe kampanie dla naszych klient\u00f3w w ramach dzia\u0142a\u0144 Molecular Creative. Jednocze\u015bnie identyfikujemy potencja\u0142, kt\u00f3ry daje rozszerzenie sprzeda\u017cy przez kana\u0142y e-commerce.<\/p><p style=\"font-weight: 400;\">W\u0142asny dzia\u0142 technologiczny Molecular Worldwide stworzy\u0142 unikalny i wysoce skuteczny system wprowadzania towar\u00f3w i zarz\u0105dzania nimi na cyfrowych p\u00f3\u0142kach na dowolnej platformie internetowej. Dzi\u0119ki fuzji z agencj\u0105 Haygarth oferujemy najwy\u017cszej klasy strategiczne i koncepcyjne know-how, kt\u00f3re pozwala naszym klientom rozwija\u0107 si\u0119 w dynamicznym \u015bwiecie wsp\u00f3\u0142czesnego handlu i komunikacji.<\/p>\t\t\t\t\t\t\t\t<\/div>\n\t\t\t\t<\/div>\n\t\t\t\t<\/div>\n\t\t\t\t<\/div>\n\t\t<div class=\"elementor-element elementor-element-38431ce e-con-full e-flex e-con e-child\" data-id=\"38431ce\" data-element_type=\"container\" data-e-type=\"container\">\n\t\t<div class=\"elementor-element elementor-element-b0e0e72 e-con-full e-flex e-con e-child\" data-id=\"b0e0e72\" data-element_type=\"container\" data-e-type=\"container\">\n\t\t\t\t<\/div>\n\t\t<div class=\"elementor-element elementor-element-a218885 e-con-full e-flex e-con e-child\" data-id=\"a218885\" data-element_type=\"container\" data-e-type=\"container\">\n\t\t\t\t<div class=\"elementor-element elementor-element-3165da4 elementor-widget elementor-widget-text-editor\" data-id=\"3165da4\" data-element_type=\"widget\" data-e-type=\"widget\" data-widget_type=\"text-editor.default\">\n\t\t\t\t<div class=\"elementor-widget-container\">\n\t\t\t\t\t\t\t\t\t<p>Zacznij z nami wsp\u00f3\u0142prac\u0119.<\/p>\t\t\t\t\t\t\t\t<\/div>\n\t\t\t\t<\/div>\n\t\t<div class=\"elementor-element elementor-element-41adc70 e-con-full e-flex e-con e-child\" data-id=\"41adc70\" data-element_type=\"container\" data-e-type=\"container\">\n\t\t\t\t<div class=\"elementor-element elementor-element-d9f11f2 elementor-icon-list--layout-inline elementor-align-start elementor-list-item-link-full_width elementor-widget elementor-widget-icon-list\" data-id=\"d9f11f2\" data-element_type=\"widget\" data-e-type=\"widget\" data-widget_type=\"icon-list.default\">\n\t\t\t\t<div class=\"elementor-widget-container\">\n\t\t\t\t\t\t\t<ul class=\"elementor-icon-list-items elementor-inline-items\">\n\t\t\t\t\t\t\t<li class=\"elementor-icon-list-item elementor-inline-item\">\n\t\t\t\t\t\t\t\t\t\t\t<a href=\"mailto:katarzyna.wlodarczyk@molecularww.com\">\n\n\t\t\t\t\t\t\t\t\t\t\t\t<span class=\"elementor-icon-list-icon\">\n\t\t\t\t\t\t\t<svg xmlns=\"http:\/\/www.w3.org\/2000\/svg\" xmlns:xlink=\"http:\/\/www.w3.org\/1999\/xlink\" id=\"Group_77\" data-name=\"Group 77\" width=\"38.025\" height=\"38\" viewbox=\"0 0 38.025 38\"><defs><clippath id=\"clip-path\"><rect id=\"Rectangle_25\" data-name=\"Rectangle 25\" width=\"38.025\" height=\"38\" fill=\"none\" stroke=\"#707070\" stroke-width=\"2\"><\/rect><\/clippath><\/defs><g id=\"Group_76\" data-name=\"Group 76\" clip-path=\"url(#clip-path)\"><rect id=\"Rectangle_24\" data-name=\"Rectangle 24\" width=\"37.549\" height=\"37.524\" transform=\"translate(0.238 0.238)\" fill=\"none\" stroke=\"#000\" stroke-width=\"2\"><\/rect><path id=\"Path_29\" data-name=\"Path 29\" d=\"M1,1,19.775,19.762,38.549,1\" transform=\"translate(-0.762 -0.762)\" fill=\"none\" stroke=\"#000\" stroke-width=\"2\"><\/path><\/g><\/svg>\t\t\t\t\t\t<\/span>\n\t\t\t\t\t\t\t\t\t\t<span class=\"elementor-icon-list-text\"><\/span>\n\t\t\t\t\t\t\t\t\t\t\t<\/a>\n\t\t\t\t\t\t\t\t\t<\/li>\n\t\t\t\t\t\t\t\t<li class=\"elementor-icon-list-item elementor-inline-item\">\n\t\t\t\t\t\t\t\t\t\t\t<a href=\"tel:+48%20507%20017%20071\">\n\n\t\t\t\t\t\t\t\t\t\t\t\t<span class=\"elementor-icon-list-icon\">\n\t\t\t\t\t\t\t<svg xmlns=\"http:\/\/www.w3.org\/2000\/svg\" xmlns:xlink=\"http:\/\/www.w3.org\/1999\/xlink\" id=\"Group_86\" data-name=\"Group 86\" width=\"38.032\" height=\"38\" viewbox=\"0 0 38.032 38\"><defs><clippath id=\"clip-path\"><rect id=\"Rectangle_27\" data-name=\"Rectangle 27\" width=\"38.032\" height=\"38\" fill=\"none\" stroke=\"#707070\" stroke-width=\"2\"><\/rect><\/clippath><\/defs><g id=\"Group_85\" data-name=\"Group 85\" clip-path=\"url(#clip-path)\"><path id=\"Path_30\" data-name=\"Path 30\" d=\"M7.421,1.415l9.253,9.253L8.924,18.419l12.5,12.5,7.751-7.751,9.254,9.254a21.922,21.922,0,0,1-31-31Z\" transform=\"translate(-0.761 -1.077)\" fill=\"none\" stroke=\"#000\" stroke-width=\"2\"><\/path><path id=\"Path_31\" data-name=\"Path 31\" d=\"M98.93,1.415a15.244,15.244,0,0,1,9.636,4.46,15.677,15.677,0,0,1,4.534,9.672\" transform=\"translate(-75.306 -1.077)\" fill=\"none\" stroke=\"#000\" stroke-width=\"2\"><\/path><path id=\"Path_32\" data-name=\"Path 32\" d=\"M99.087,21.142a10.1,10.1,0,0,1,6.419,2.941,10.488,10.488,0,0,1,3,6.48\" transform=\"translate(-75.426 -16.093)\" fill=\"none\" stroke=\"#000\" stroke-width=\"2\"><\/path><\/g><\/svg>\t\t\t\t\t\t<\/span>\n\t\t\t\t\t\t\t\t\t\t<span class=\"elementor-icon-list-text\"><\/span>\n\t\t\t\t\t\t\t\t\t\t\t<\/a>\n\t\t\t\t\t\t\t\t\t<\/li>\n\t\t\t\t\t\t\t\t<li class=\"elementor-icon-list-item elementor-inline-item\">\n\t\t\t\t\t\t\t\t\t\t\t<a href=\"mailto:katarzyna.wlodarczuk@molecularww.com\">\n\n\t\t\t\t\t\t\t\t\t\t\t<span class=\"elementor-icon-list-text\">Katarzyna W\u0142odarczyk<\/span>\n\t\t\t\t\t\t\t\t\t\t\t<\/a>\n\t\t\t\t\t\t\t\t\t<\/li>\n\t\t\t\t\t\t<\/ul>\n\t\t\t\t\t\t<\/div>\n\t\t\t\t<\/div>\n\t\t\t\t<div class=\"elementor-element elementor-element-44943bb elementor-widget elementor-widget-text-editor\" data-id=\"44943bb\" data-element_type=\"widget\" data-e-type=\"widget\" data-widget_type=\"text-editor.default\">\n\t\t\t\t<div class=\"elementor-widget-container\">\n\t\t\t\t\t\t\t\t\t<p>Dyrektorka Zarz\u0105dzaj\u0105ca<\/p>\t\t\t\t\t\t\t\t<\/div>\n\t\t\t\t<\/div>\n\t\t\t\t<\/div>\n\t\t<div class=\"elementor-element elementor-element-eec69db e-con-full e-flex e-con e-child\" data-id=\"eec69db\" data-element_type=\"container\" data-e-type=\"container\">\n\t\t\t\t<div class=\"elementor-element elementor-element-98bad8c elementor-icon-list--layout-inline elementor-align-start elementor-list-item-link-full_width elementor-widget elementor-widget-icon-list\" data-id=\"98bad8c\" data-element_type=\"widget\" data-e-type=\"widget\" data-widget_type=\"icon-list.default\">\n\t\t\t\t<div class=\"elementor-widget-container\">\n\t\t\t\t\t\t\t<ul class=\"elementor-icon-list-items elementor-inline-items\">\n\t\t\t\t\t\t\t<li class=\"elementor-icon-list-item elementor-inline-item\">\n\t\t\t\t\t\t\t\t\t\t\t<a href=\"mailto:beata.strzelbicka@molecularww.com\">\n\n\t\t\t\t\t\t\t\t\t\t\t\t<span class=\"elementor-icon-list-icon\">\n\t\t\t\t\t\t\t<svg xmlns=\"http:\/\/www.w3.org\/2000\/svg\" xmlns:xlink=\"http:\/\/www.w3.org\/1999\/xlink\" id=\"Group_77\" data-name=\"Group 77\" width=\"38.025\" height=\"38\" viewbox=\"0 0 38.025 38\"><defs><clippath id=\"clip-path\"><rect id=\"Rectangle_25\" data-name=\"Rectangle 25\" width=\"38.025\" height=\"38\" fill=\"none\" stroke=\"#707070\" stroke-width=\"2\"><\/rect><\/clippath><\/defs><g id=\"Group_76\" data-name=\"Group 76\" clip-path=\"url(#clip-path)\"><rect id=\"Rectangle_24\" data-name=\"Rectangle 24\" width=\"37.549\" height=\"37.524\" transform=\"translate(0.238 0.238)\" fill=\"none\" stroke=\"#000\" stroke-width=\"2\"><\/rect><path id=\"Path_29\" data-name=\"Path 29\" d=\"M1,1,19.775,19.762,38.549,1\" transform=\"translate(-0.762 -0.762)\" fill=\"none\" stroke=\"#000\" stroke-width=\"2\"><\/path><\/g><\/svg>\t\t\t\t\t\t<\/span>\n\t\t\t\t\t\t\t\t\t\t<span class=\"elementor-icon-list-text\"><\/span>\n\t\t\t\t\t\t\t\t\t\t\t<\/a>\n\t\t\t\t\t\t\t\t\t<\/li>\n\t\t\t\t\t\t\t\t<li class=\"elementor-icon-list-item elementor-inline-item\">\n\t\t\t\t\t\t\t\t\t\t\t<a href=\"tel:+48507017064\">\n\n\t\t\t\t\t\t\t\t\t\t\t\t<span class=\"elementor-icon-list-icon\">\n\t\t\t\t\t\t\t<svg xmlns=\"http:\/\/www.w3.org\/2000\/svg\" xmlns:xlink=\"http:\/\/www.w3.org\/1999\/xlink\" id=\"Group_86\" data-name=\"Group 86\" width=\"38.032\" height=\"38\" viewbox=\"0 0 38.032 38\"><defs><clippath id=\"clip-path\"><rect id=\"Rectangle_27\" data-name=\"Rectangle 27\" width=\"38.032\" height=\"38\" fill=\"none\" stroke=\"#707070\" stroke-width=\"2\"><\/rect><\/clippath><\/defs><g id=\"Group_85\" data-name=\"Group 85\" clip-path=\"url(#clip-path)\"><path id=\"Path_30\" data-name=\"Path 30\" d=\"M7.421,1.415l9.253,9.253L8.924,18.419l12.5,12.5,7.751-7.751,9.254,9.254a21.922,21.922,0,0,1-31-31Z\" transform=\"translate(-0.761 -1.077)\" fill=\"none\" stroke=\"#000\" stroke-width=\"2\"><\/path><path id=\"Path_31\" data-name=\"Path 31\" d=\"M98.93,1.415a15.244,15.244,0,0,1,9.636,4.46,15.677,15.677,0,0,1,4.534,9.672\" transform=\"translate(-75.306 -1.077)\" fill=\"none\" stroke=\"#000\" stroke-width=\"2\"><\/path><path id=\"Path_32\" data-name=\"Path 32\" d=\"M99.087,21.142a10.1,10.1,0,0,1,6.419,2.941,10.488,10.488,0,0,1,3,6.48\" transform=\"translate(-75.426 -16.093)\" fill=\"none\" stroke=\"#000\" stroke-width=\"2\"><\/path><\/g><\/svg>\t\t\t\t\t\t<\/span>\n\t\t\t\t\t\t\t\t\t\t<span class=\"elementor-icon-list-text\"><\/span>\n\t\t\t\t\t\t\t\t\t\t\t<\/a>\n\t\t\t\t\t\t\t\t\t<\/li>\n\t\t\t\t\t\t\t\t<li class=\"elementor-icon-list-item elementor-inline-item\">\n\t\t\t\t\t\t\t\t\t\t\t<a href=\"mailto:beata.strzelbicka@molecularww.com\">\n\n\t\t\t\t\t\t\t\t\t\t\t<span class=\"elementor-icon-list-text\">Beata Strzelbicka-Krosny<\/span>\n\t\t\t\t\t\t\t\t\t\t\t<\/a>\n\t\t\t\t\t\t\t\t\t<\/li>\n\t\t\t\t\t\t<\/ul>\n\t\t\t\t\t\t<\/div>\n\t\t\t\t<\/div>\n\t\t\t\t<div class=\"elementor-element elementor-element-ce2f597 elementor-widget elementor-widget-text-editor\" data-id=\"ce2f597\" data-element_type=\"widget\" data-e-type=\"widget\" data-widget_type=\"text-editor.default\">\n\t\t\t\t<div class=\"elementor-widget-container\">\n\t\t\t\t\t\t\t\t\t<p>Dyrektorka Operacyjna<\/p>\t\t\t\t\t\t\t\t<\/div>\n\t\t\t\t<\/div>\n\t\t\t\t<\/div>\n\t\t<div class=\"elementor-element elementor-element-67a3794 e-con-full e-flex e-con e-child\" data-id=\"67a3794\" data-element_type=\"container\" data-e-type=\"container\">\n\t\t\t\t<div class=\"elementor-element elementor-element-369af3a elementor-icon-list--layout-inline elementor-align-start elementor-list-item-link-full_width elementor-widget elementor-widget-icon-list\" data-id=\"369af3a\" data-element_type=\"widget\" data-e-type=\"widget\" data-widget_type=\"icon-list.default\">\n\t\t\t\t<div class=\"elementor-widget-container\">\n\t\t\t\t\t\t\t<ul class=\"elementor-icon-list-items elementor-inline-items\">\n\t\t\t\t\t\t\t<li class=\"elementor-icon-list-item elementor-inline-item\">\n\t\t\t\t\t\t\t\t\t\t\t<a href=\"mailto:bartosz.gomolka@molecularww.com\">\n\n\t\t\t\t\t\t\t\t\t\t\t\t<span class=\"elementor-icon-list-icon\">\n\t\t\t\t\t\t\t<svg xmlns=\"http:\/\/www.w3.org\/2000\/svg\" xmlns:xlink=\"http:\/\/www.w3.org\/1999\/xlink\" id=\"Group_77\" data-name=\"Group 77\" width=\"38.025\" height=\"38\" viewbox=\"0 0 38.025 38\"><defs><clippath id=\"clip-path\"><rect id=\"Rectangle_25\" data-name=\"Rectangle 25\" width=\"38.025\" height=\"38\" fill=\"none\" stroke=\"#707070\" stroke-width=\"2\"><\/rect><\/clippath><\/defs><g id=\"Group_76\" data-name=\"Group 76\" clip-path=\"url(#clip-path)\"><rect id=\"Rectangle_24\" data-name=\"Rectangle 24\" width=\"37.549\" height=\"37.524\" transform=\"translate(0.238 0.238)\" fill=\"none\" stroke=\"#000\" stroke-width=\"2\"><\/rect><path id=\"Path_29\" data-name=\"Path 29\" d=\"M1,1,19.775,19.762,38.549,1\" transform=\"translate(-0.762 -0.762)\" fill=\"none\" stroke=\"#000\" stroke-width=\"2\"><\/path><\/g><\/svg>\t\t\t\t\t\t<\/span>\n\t\t\t\t\t\t\t\t\t\t<span class=\"elementor-icon-list-text\"><\/span>\n\t\t\t\t\t\t\t\t\t\t\t<\/a>\n\t\t\t\t\t\t\t\t\t<\/li>\n\t\t\t\t\t\t\t\t<li class=\"elementor-icon-list-item elementor-inline-item\">\n\t\t\t\t\t\t\t\t\t\t\t<a href=\"tel:+48%20507%20017%20308\">\n\n\t\t\t\t\t\t\t\t\t\t\t\t<span class=\"elementor-icon-list-icon\">\n\t\t\t\t\t\t\t<svg xmlns=\"http:\/\/www.w3.org\/2000\/svg\" xmlns:xlink=\"http:\/\/www.w3.org\/1999\/xlink\" id=\"Group_86\" data-name=\"Group 86\" width=\"38.032\" height=\"38\" viewbox=\"0 0 38.032 38\"><defs><clippath id=\"clip-path\"><rect id=\"Rectangle_27\" data-name=\"Rectangle 27\" width=\"38.032\" height=\"38\" fill=\"none\" stroke=\"#707070\" stroke-width=\"2\"><\/rect><\/clippath><\/defs><g id=\"Group_85\" data-name=\"Group 85\" clip-path=\"url(#clip-path)\"><path id=\"Path_30\" data-name=\"Path 30\" d=\"M7.421,1.415l9.253,9.253L8.924,18.419l12.5,12.5,7.751-7.751,9.254,9.254a21.922,21.922,0,0,1-31-31Z\" transform=\"translate(-0.761 -1.077)\" fill=\"none\" stroke=\"#000\" stroke-width=\"2\"><\/path><path id=\"Path_31\" data-name=\"Path 31\" d=\"M98.93,1.415a15.244,15.244,0,0,1,9.636,4.46,15.677,15.677,0,0,1,4.534,9.672\" transform=\"translate(-75.306 -1.077)\" fill=\"none\" stroke=\"#000\" stroke-width=\"2\"><\/path><path id=\"Path_32\" data-name=\"Path 32\" d=\"M99.087,21.142a10.1,10.1,0,0,1,6.419,2.941,10.488,10.488,0,0,1,3,6.48\" transform=\"translate(-75.426 -16.093)\" fill=\"none\" stroke=\"#000\" stroke-width=\"2\"><\/path><\/g><\/svg>\t\t\t\t\t\t<\/span>\n\t\t\t\t\t\t\t\t\t\t<span class=\"elementor-icon-list-text\"><\/span>\n\t\t\t\t\t\t\t\t\t\t\t<\/a>\n\t\t\t\t\t\t\t\t\t<\/li>\n\t\t\t\t\t\t\t\t<li class=\"elementor-icon-list-item elementor-inline-item\">\n\t\t\t\t\t\t\t\t\t\t\t<a href=\"mailto:bartosz.gomolka@molecularww.com\">\n\n\t\t\t\t\t\t\t\t\t\t\t<span class=\"elementor-icon-list-text\">Bartosz Gom\u00f3\u0142ka<\/span>\n\t\t\t\t\t\t\t\t\t\t\t<\/a>\n\t\t\t\t\t\t\t\t\t<\/li>\n\t\t\t\t\t\t<\/ul>\n\t\t\t\t\t\t<\/div>\n\t\t\t\t<\/div>\n\t\t\t\t<div class=\"elementor-element elementor-element-2181b8e elementor-widget elementor-widget-text-editor\" data-id=\"2181b8e\" data-element_type=\"widget\" data-e-type=\"widget\" data-widget_type=\"text-editor.default\">\n\t\t\t\t<div class=\"elementor-widget-container\">\n\t\t\t\t\t\t\t\t\t<p>Szef Strategii<\/p>\t\t\t\t\t\t\t\t<\/div>\n\t\t\t\t<\/div>\n\t\t\t\t<\/div>\n\t\t<div class=\"elementor-element elementor-element-1df3a7a e-con-full e-flex e-con e-child\" data-id=\"1df3a7a\" data-element_type=\"container\" data-e-type=\"container\">\n\t\t\t\t<\/div>\n\t\t\t\t<\/div>\n\t\t\t\t<\/div>\n\t\t\t\t\t<\/div>\n\t\t\t\t<\/div>\n\t\t<div class=\"elementor-element elementor-element-ba39693 e-flex e-con-boxed e-con e-parent\" data-id=\"ba39693\" data-element_type=\"container\" data-e-type=\"container\">\n\t\t\t\t\t<div class=\"e-con-inner\">\n\t\t\t\t\t<\/div>\n\t\t\t\t<\/div>\n\t\t\t\t<\/div>","protected":false},"excerpt":{"rendered":"<p>About Molecular. We recognize brands live in transformative times and we are no exception. We believe in transformative creativity. The Story of Molecular Molecular Worldwide was formed in 2023 as a result of the merger between the full-service agency BBDO Warsaw and Molecular BBDO, an agency specializing in global e-commerce services. In 2024, it integrated [&hellip;]<\/p>\n","protected":false},"author":1,"featured_media":0,"parent":0,"menu_order":0,"comment_status":"closed","ping_status":"closed","template":"","meta":{"_acf_changed":false,"footnotes":""},"class_list":["post-1079","page","type-page","status-publish","hentry"],"acf":[],"_links":{"self":[{"href":"https:\/\/molecularcreative.pl\/pl\/wp-json\/wp\/v2\/pages\/1079","targetHints":{"allow":["GET"]}}],"collection":[{"href":"https:\/\/molecularcreative.pl\/pl\/wp-json\/wp\/v2\/pages"}],"about":[{"href":"https:\/\/molecularcreative.pl\/pl\/wp-json\/wp\/v2\/types\/page"}],"author":[{"embeddable":true,"href":"https:\/\/molecularcreative.pl\/pl\/wp-json\/wp\/v2\/users\/1"}],"replies":[{"embeddable":true,"href":"https:\/\/molecularcreative.pl\/pl\/wp-json\/wp\/v2\/comments?post=1079"}],"version-history":[{"count":0,"href":"https:\/\/molecularcreative.pl\/pl\/wp-json\/wp\/v2\/pages\/1079\/revisions"}],"wp:attachment":[{"href":"https:\/\/molecularcreative.pl\/pl\/wp-json\/wp\/v2\/media?parent=1079"}],"curies":[{"name":"wp","href":"https:\/\/api.w.org\/{rel}","templated":true}]}}