{"id":1156,"date":"2024-09-09T20:05:03","date_gmt":"2024-09-09T20:05:03","guid":{"rendered":"https:\/\/molecularcreat.wpenginepowered.com\/?page_id=1156"},"modified":"2025-04-28T06:20:59","modified_gmt":"2025-04-28T06:20:59","slug":"privacy-policy","status":"publish","type":"page","link":"https:\/\/molecularcreative.pl\/pl\/privacy-policy\/","title":{"rendered":"Privacy Policy"},"content":{"rendered":"<div data-elementor-type=\"wp-page\" data-elementor-id=\"1156\" class=\"elementor elementor-1156\" data-elementor-post-type=\"page\">\n\t\t\t\t<div class=\"elementor-element elementor-element-7b5cef0 e-flex e-con-boxed e-con e-parent\" data-id=\"7b5cef0\" data-element_type=\"container\" data-e-type=\"container\" data-settings=\"{&quot;background_background&quot;:&quot;classic&quot;}\">\n\t\t\t\t\t<div class=\"e-con-inner\">\n\t\t\t\t<div class=\"elementor-element elementor-element-7e3128c elementor-view-default elementor-widget elementor-widget-icon\" data-id=\"7e3128c\" data-element_type=\"widget\" data-e-type=\"widget\" data-widget_type=\"icon.default\">\n\t\t\t\t<div class=\"elementor-widget-container\">\n\t\t\t\t\t\t\t<div class=\"elementor-icon-wrapper\">\n\t\t\t<a class=\"elementor-icon\" href=\"https:\/\/molecularcreative.pl\/pl\">\n\t\t\t<svg xmlns=\"http:\/\/www.w3.org\/2000\/svg\" xmlns:xlink=\"http:\/\/www.w3.org\/1999\/xlink\" width=\"99.119\" height=\"50\" viewbox=\"0 0 99.119 50\"><defs><clippath id=\"clip-path\"><rect id=\"Rectangle_50\" data-name=\"Rectangle 50\" width=\"99.119\" height=\"50\" fill=\"none\" stroke=\"#000\" stroke-width=\"3\"><\/rect><\/clippath><\/defs><g id=\"Group_126\" data-name=\"Group 126\" transform=\"translate(-106.705 -191.5)\"><g id=\"Group_125\" data-name=\"Group 125\" transform=\"translate(205.824 241.5) rotate(180)\"><g id=\"Group_124\" data-name=\"Group 124\" transform=\"translate(0 0)\" clip-path=\"url(#clip-path)\"><path id=\"Path_84\" data-name=\"Path 84\" d=\"M118.366.707l24.56,24.56-24.56,24.56\" transform=\"translate(-44.686 -0.267)\" fill=\"none\" stroke=\"#000\" stroke-width=\"3\"><\/path><line id=\"Line_20\" data-name=\"Line 20\" x1=\"98.239\" transform=\"translate(0 25)\" fill=\"none\" stroke=\"#000\" stroke-width=\"3\"><\/line><\/g><\/g><\/g><\/svg>\t\t\t<\/a>\n\t\t<\/div>\n\t\t\t\t\t\t<\/div>\n\t\t\t\t<\/div>\n\t\t\t\t\t<\/div>\n\t\t\t\t<\/div>\n\t\t<div class=\"elementor-element elementor-element-bd850de e-flex e-con-boxed e-con e-parent\" data-id=\"bd850de\" data-element_type=\"container\" data-e-type=\"container\" data-settings=\"{&quot;background_background&quot;:&quot;classic&quot;}\">\n\t\t\t\t\t<div class=\"e-con-inner\">\n\t\t<div class=\"elementor-element elementor-element-6cd94b3 e-con-full e-flex e-con e-child\" data-id=\"6cd94b3\" data-element_type=\"container\" data-e-type=\"container\">\n\t\t<div class=\"elementor-element elementor-element-22dc2be e-con-full e-flex e-con e-child\" data-id=\"22dc2be\" data-element_type=\"container\" data-e-type=\"container\">\n\t\t\t\t<div class=\"elementor-element elementor-element-38f142e elementor-widget__width-initial elementor-widget elementor-widget-heading\" data-id=\"38f142e\" data-element_type=\"widget\" data-e-type=\"widget\" data-widget_type=\"heading.default\">\n\t\t\t\t<div class=\"elementor-widget-container\">\n\t\t\t\t\t<h1 class=\"elementor-heading-title elementor-size-default translation-block\">Polityka<br> prywatno\u015bci.<\/h1>\t\t\t\t<\/div>\n\t\t\t\t<\/div>\n\t\t\t\t<\/div>\n\t\t<div class=\"elementor-element elementor-element-29c5c86 e-con-full e-flex e-con e-child\" data-id=\"29c5c86\" data-element_type=\"container\" data-e-type=\"container\">\n\t\t\t\t<\/div>\n\t\t\t\t<\/div>\n\t\t<div class=\"elementor-element elementor-element-b3849f1 e-con-full e-flex e-con e-child\" data-id=\"b3849f1\" data-element_type=\"container\" data-e-type=\"container\">\n\t\t<div class=\"elementor-element elementor-element-0fbb9ff e-con-full e-flex e-con e-child\" data-id=\"0fbb9ff\" data-element_type=\"container\" data-e-type=\"container\">\n\t\t\t\t<\/div>\n\t\t<div class=\"elementor-element elementor-element-32657f1 e-con-full e-flex e-con e-child\" data-id=\"32657f1\" data-element_type=\"container\" data-e-type=\"container\">\n\t\t\t\t<div class=\"elementor-element elementor-element-4aeb2ee paragraph-gap elementor-widget elementor-widget-text-editor\" data-id=\"4aeb2ee\" data-element_type=\"widget\" data-e-type=\"widget\" data-no-translation=\"\" data-widget_type=\"text-editor.default\">\n\t\t\t\t<div class=\"elementor-widget-container\">\n\t\t\t\t\t<style>.elementor-element-4aeb2ee{display:none !important}<\/style>\t\t\t\t<\/div>\n\t\t\t\t<\/div>\n\t\t\t\t<div class=\"elementor-element elementor-element-1f6a91a paragraph-gap elementor-widget elementor-widget-text-editor\" data-id=\"1f6a91a\" data-element_type=\"widget\" data-e-type=\"widget\" data-no-translation=\"\" data-widget_type=\"text-editor.default\">\n\t\t\t\t<div class=\"elementor-widget-container\">\n\t\t\t\t\t\t\t\t\t<p><strong>Polityka prywatno\u015bci\u00a0<\/strong><\/p><p>Data ostatniej modyfikacji: 04.04.2025 r.\u00a0\u00a0<\/p><p>Niniejsza Polityka prywatno\u015bci okre\u015bla spos\u00f3b, w jaki my: Molecular Worldwide sp. z o.o. (\u201eMolecular\u201d, My\u201d) przetwarzamy dane osobowe zbierane za pomoc\u0105 strony internetowej molecularcreative.pl (\u201eStrona\u201d). W szczeg\u00f3lno\u015bci w Polityce prywatno\u015bci opisane zosta\u0142y rodzaje danych, kt\u00f3re pozyskujemy za po\u015brednictwem Strony, jak r\u00f3wnie\u017c podmioty, kt\u00f3rym mo\u017cemy je udost\u0119pnia\u0107 oraz przys\u0142uguj\u0105ce Ci prawa zwi\u0105zane z przetwarzaniem przez nas Twoich danych osobowych. Opisujemy tak\u017ce, w jaki spos\u00f3b mo\u017cesz si\u0119 z nami skontaktowa\u0107 w sprawach dotycz\u0105cych przetwarzania Twoich danych osobowych.\u00a0<\/p><p>Dok\u0142adamy wszelkich stara\u0144, aby chroni\u0107 prywatno\u015b\u0107 os\u00f3b korzystaj\u0105cych ze Strony, zgodnie z wymogami przepis\u00f3w prawa powszechnie obowi\u0105zuj\u0105cego, w szczeg\u00f3lno\u015bci Rozporz\u0105dzenia Parlamentu Europejskiego i Rady (UE) 2016\/679 z dnia 27 kwietnia 2016 r. w sprawie ochrony os\u00f3b fizycznych w zwi\u0105zku z przetwarzaniem danych osobowych i w sprawie swobodnego przep\u0142ywu takich danych oraz uchylenia dyrektywy 95\/46\/WE (\u201eRODO\u201d).\u00a0<\/p><p>Aby przej\u015b\u0107 do wybranej sekcji, nale\u017cy klikn\u0105\u0107 jeden z poni\u017cszych odno\u015bnik\u00f3w:\u00a0<\/p><ul><li>Kim jeste\u015bmy?<\/li><li>Dane, kt\u00f3re pozyskujemy, cel ich przetwarzania i podstawa prawna\u00a0<\/li><li>Udost\u0119pnianie danych osobowych<\/li><li>Przekazywanie danych<\/li><li>Jakie prawa Ci przys\u0142uguj\u0105?<\/li><li>Ciasteczka (Cookies)<\/li><li>Odno\u015bniki do innych stron internetowych<\/li><li>Aktualizacje Polityki prywatno\u015bci<\/li><li>Jak si\u0119 z nami skontaktowa\u0107?<\/li><\/ul><p>Kim jeste\u015bmy?\u00a0<\/p><p>Molecular jest administratorem Twoich danych osobowych zbieranych za pomoc\u0105 Strony.\u00a0\u00a0<\/p><p>Tym samym, Molecular jest odpowiedzialna za przedstawienie informacji dot. przetwarzania danych osobowych zawartych w niniejszej Polityce Prywatno\u015bci, okre\u015blenie podstaw prawnych przetwarzania danych osobowych oraz dbanie o spe\u0142nienie zasad ochrony danych osobowych wskazanych w RODO, jak r\u00f3wnie\u017c za realizacj\u0119 praw przys\u0142uguj\u0105cych na podstawie RODO osobom, kt\u00f3rych dane s\u0105 przetwarzane.\u00a0 Molecular jest tak\u017ce odpowiedzialna za zg\u0142oszenie naruszenia ochrony danych organowi nadzorczemu, zawiadomienie osoby, kt\u00f3rej dane dotycz\u0105 o naruszeniu ochrony danych osobowych oraz jest odpowiedzialna za w\u0142a\u015bciwe zabezpieczenie danych osobowych.\u00a0<\/p><p>\u00a0Dane, kt\u00f3re pozyskujemy, cel ich przetwarzania i podstawa prawna\u00a0<\/p><p>W zwi\u0105zku z prowadzeniem Strony przetwarzamy Twoje dane osobowe w opisanych poni\u017cej celach:\u00a0<\/p><ul><li>Rekrutacja<\/li><\/ul><p>Twoje dane osobowe zawarte w przes\u0142anym zg\u0142oszeniu rekrutacyjnym b\u0119d\u0105 przetwarzane przez Molecular. Twoje dane osobowe wskazane w Kodeksie pracy lub w innych przepisach prawa (wed\u0142ug wymog\u00f3w og\u0142oszenia), s\u0105 przetwarzane w oparciu o przepisy prawa (art. 6 ust. 1 lit. c RODO) i ich podanie jest niezb\u0119dne do wzi\u0119cia udzia\u0142u w rekrutacji. Pozosta\u0142e dane osobowe (np. Tw\u00f3j wizerunek) b\u0119d\u0105 przetwarzane na podstawie Twojej dobrowolnej zgody (art. 6 ust. 1 lit. a RODO), kt\u00f3r\u0105 wyrazi\u0142a\u015b\/e\u015b wysy\u0142aj\u0105c swoje zg\u0142oszenie rekrutacyjne i ich podanie nie ma wp\u0142ywu na mo\u017cliwo\u015b\u0107 udzia\u0142u w rekrutacji.\u00a0<\/p><p>Twoje dane b\u0119d\u0105 przetwarzane w celu przeprowadzenia rekrutacji:\u00a0<\/p><ul><li>na stanowisko, kt\u00f3rego dotyczy Twoje zg\u0142oszenie, przez okres niezb\u0119dny do przeprowadzenia procesu rekrutacji i wy\u0142onienia kandydata, a nast\u0119pnie przez okres 3 miesi\u0119cy, gdyby powt\u00f3rzenie rekrutacji okaza\u0142o si\u0119 konieczne;<\/li><li>na inne, podobne stanowiska przez okres 1 roku, je\u017celi wyrazisz zgod\u0119 na umieszczenie Twoich danych w naszej bazie kandydat\u00f3w do pracy.<\/li><\/ul><p>W przypadku ewentualnych nieporozumie\u0144 miedzy Tob\u0105 a Molecular, Twoje dane osobowe b\u0119d\u0105 przetwarzane w celu dochodzenia roszcze\u0144 i obrony przed roszczeniami na podstawie prawnie uzasadnionego interesu administratora (art. 6 ust. 1 lit. f RODO).\u00a0<\/p><ul><li>Rozpatrywanie skarg i wniosk\u00f3w, odpowiedzi na pytania<\/li><\/ul><p>W tym celu przetwarzamy Twoje dane osobowe zawarte w skardze, wniosku lub pytaniu, a tak\u017ce dane dotycz\u0105ce korzystania ze Strony, zwi\u0105zane ze zg\u0142oszon\u0105 skarg\u0105, wnioskiem lub pytaniem.\u00a0<\/p><p>Podstaw\u0105 prawn\u0105 przetwarzania jest nasz prawnie uzasadniony interes (art. 6 ust. 1 lit. f RODO), polegaj\u0105cy na zapewnieniu nale\u017cytej obs\u0142ugi u\u017cytkownika Strony i udzieleniu odpowiedzi na pytanie.\u00a0<\/p><p>Twoje dane b\u0119d\u0105 przechowywane przez czas niezb\u0119dny do udzielenia odpowiedzi na Twoje pytanie lub w celu podj\u0119cia innych dzia\u0142a\u0144 w zwi\u0105zku z otrzyman\u0105 od Ciebie wiadomo\u015bci\u0105, nie d\u0142u\u017cej jednak ni\u017c 1 rok.\u00a0<\/p><ul><li>Ustalenie, dochodzenie i egzekucja roszcze\u0144<\/li><\/ul><p>W tym celu mo\u017cemy przetwarza\u0107 dane osobowe dotycz\u0105ce korzystania ze Strony, innych us\u0142ug oraz inne dane niezb\u0119dne do udowodnienia istnienia roszczenia, w tym rozmiar\u00f3w poniesionej szkody.\u00a0<\/p><p>Podstaw\u0105 prawn\u0105 jest nasz prawnie uzasadniony interes (art. 6 ust. 1 lit. f RODO), polegaj\u0105cy na ustaleniu, dochodzeniu i egzekucji roszcze\u0144 oraz na obronie przed roszczeniami w post\u0119powaniu przed s\u0105dami i innymi organami pa\u0144stwowymi przez okres przedawnienia tych roszcze\u0144.\u00a0<\/p><p>Udost\u0119pnianie danych osobowych\u00a0<\/p><p>Udost\u0119pniamy Twoje dane osobowe w nast\u0119puj\u0105cych przypadkach:\u00a0<\/p><ul><li>gdy taki obowi\u0105zek wynika z przepis\u00f3w obowi\u0105zuj\u0105cego prawa, w szczeg\u00f3lno\u015bci na \u017c\u0105danie prokuratury, Policji oraz innych organ\u00f3w pa\u0144stwowych<\/li><li>gdy jest to niezb\u0119dne dla realizacji naszych potrzeb, w szczeg\u00f3lno\u015bci kancelariom prawnym.<\/li><\/ul><p>Ponadto, Twoje dane osobowe mog\u0105 by\u0107 przekazane dostawcom us\u0142ug \u2013 podmiotom przetwarzaj\u0105cym dane osobowe na nasze zlecenie i w naszym imieniu w szczeg\u00f3lno\u015bci dostawcom us\u0142ug teleinformatycznych takich jak hosting, dostarczanie lub utrzymanie system\u00f3w informatycznych i aplikacji, w tym narz\u0119dzi do analizy ruchu na stronie.\u00a0<\/p><p>Z dostawcami us\u0142ug, kt\u00f3rym przekazujemy Twoje dane osobowe zawieramy umowy, na mocy kt\u00f3rych podlegaj\u0105 oni naszym poleceniom.\u00a0<\/p><p>Przekazywanie danych\u00a0<\/p><p>Zasadniczo przetwarzamy Twoje dane osobowe w obr\u0119bie EOG. B\u0119dziemy je tak\u017ce przekazywa\u0107 do innych miejsc, w kt\u00f3rych dzia\u0142aj\u0105 firmy \u015bwiadcz\u0105ce us\u0142ugi na nasz\u0105 rzecz, np. dostawcy hostingu i system\u00f3w informatycznych w USA.<\/p><p>Niekt\u00f3re miejsca nie zapewniaj\u0105 takiego samego poziomu ochrony danych osobowych jak w EOG. Przy przekazywaniu Twoich danych osobowych do takich miejsc, dopilnujemy, aby przekazywanie danych by\u0142o zgodne z prawem i aby wdro\u017cone zosta\u0142y odpowiednie uzgodnienia w zakresie bezpiecze\u0144stwa.<\/p><p>Z uwagi na fakt, \u017ce Komisja Europejska okre\u015bli\u0142a, i\u017c Stany Zjednoczone zapewniaj\u0105 odpowiedni poziom ochrony, transfer danych do USA odbywa si\u0119 na mocy Decyzji \u00a0Komisji Europejskiej o adekwatno\u015bci poziomu ochrony danych osobowych zapewnianego przez USA na podstawie Ram Prawnych dla Ochrony Prywatno\u015bci (EU-US Data Privacy Framework). Lista uprawnionych podmiot\u00f3w znajduje si\u0119 na stronie: <a href=\"https:\/\/www.dataprivacyframework.gov\/list\">https:\/\/www.dataprivacyframework.gov\/list<\/a><\/p><p>Zapewniamy, \u017ce z podmiotami maj\u0105cymi siedzib\u0119 poza EOG zawarte zostan\u0105 odpowiednie umowy zgodnie ze standardowymi klauzulami umownymi, zatwierdzonymi przez Komisj\u0119 Europejsk\u0105. Skontaktuj si\u0119 z nami, aby otrzyma\u0107 dodatkowe informacje na temat przekazywania Twoich danych poza EOG.\u00a0<\/p><p>Jakie prawa Ci przys\u0142uguj\u0105?\u00a0<\/p><p>Masz prawo do \u017c\u0105dania:\u00a0<\/p><ul><li>dost\u0119pu do swoich danych osobowych, uzyskania potwierdzenia, czy Twoje dane osobowe s\u0105 przetwarzane, uzyskania ich kopii oraz uzyskania informacji m.in. o: celach przetwarzania, kategoriach danych osobowych, kategoriach odbiorc\u00f3w, kt\u00f3rym dane osobowe zosta\u0142y lub zostan\u0105 ujawnione, planowanym okresie przechowywania danych osobowych, \u017ar\u00f3dle ich pozyskania przez nas\u00a0<\/li><li>kopii danych osobowych, kt\u00f3re nam dostarczy\u0142a\u015b\/e\u015b i przekazania jej Tobie lub innemu wskazanemu pomiotowi w powszechnie u\u017cywanym, mo\u017cliwym do odczytu komputerowego formacie, je\u017celi przetwarzamy Twoje dane na podstawie zgody lub w celu wykonania umowy<\/li><li>sprostowania Twoich danych osobowych, gdy s\u0105 niekompletne lub nieprawid\u0142owe\u00a0<\/li><li>usuni\u0119cia Twoich wszystkich lub niekt\u00f3rych danych osobowych, je\u017celi:<ul><li>wycofa\u0142e\u015b zgod\u0119, a nie mamy innej podstawy prawnej przetwarzania tych danych<\/li><li>Twoje dane osobowe przesta\u0142y by\u0107 niezb\u0119dne do cel\u00f3w, w kt\u00f3rych zosta\u0142y zebrane lub w kt\u00f3rych by\u0142y przetwarzane<\/li><li>wnios\u0142e\u015b sprzeciw, kt\u00f3ry uznali\u015bmy za zasadny<\/li><li>Twoje dane osobowe s\u0105 przetwarzane niezgodnie z prawem<\/li><\/ul><\/li><li>ograniczenia przetwarzania Twoich danych osobowych, tj. za\u017c\u0105dania, aby\u015bmy zaprzestali ich przetwarzania; nie dotyczy to jednak przetwarzania Twoich danych osobowych, w sytuacjach, gdy:<ul><li>kwestionujesz prawid\u0142owo\u015b\u0107 swoich danych osobowych \u2013 w\u00f3wczas ograniczymy ich przetwarzanie na czas potrzebny nam do sprawdzenia prawid\u0142owo\u015bci Twoich danych<\/li><li>kwestionujesz zgodno\u015b\u0107 z prawem przetwarzania przez nas danych osobowych<\/li><li>nie potrzebujemy ju\u017c tych danych, ale s\u0105 one potrzebne Tobie do ustalenia, dochodzenia lub obrony jego roszcze\u0144<\/li><li>wnios\u0142e\u015b sprzeciw wobec przetwarzania Twoich danych \u2013 do czasu podj\u0119cia przez nas decyzji co do zasadno\u015bci sprzeciwu.<\/li><\/ul><\/li><\/ul><p>Masz r\u00f3wnie\u017c prawo do:\u00a0<\/p><ul><li>wniesienia sprzeciwu z przyczyn zwi\u0105zanych z Twoj\u0105 szczeg\u00f3ln\u0105 sytuacj\u0105 wobec przetwarzania Twoich danych osobowych na podstawie naszego prawnie uzasadnionego interesu (art. 6 ust. 1 lit. f RODO),. Na skutek wniesienia sprzeciwu rozwa\u017cymy, czy \u2013 ze wzgl\u0119du na Twoj\u0105 szczeg\u00f3ln\u0105 sytuacj\u0119 \u2013 ochrona Twoich interes\u00f3w, praw i wolno\u015bci przewa\u017ca nad interesami, kt\u00f3re realizujemy, przetwarzaj\u0105c dane osobowe. Je\u017celi Tw\u00f3j sprzeciw oka\u017ce si\u0119 zasadny, a nie ma innej podstawy prawnej przetwarzania, usuniemy dane, co do kt\u00f3rych wnios\u0142e\u015b sprzeciw\u00a0<\/li><li>wniesienia sprzeciwu wobec przetwarzania Twoich danych osobowych w celu marketingu bezpo\u015bredniego Molecular, w tym profilowania. Po wniesieniu sprzeciwu Twoje dane nie b\u0119d\u0105 ju\u017c przetwarzane w celu marketingu bezpo\u015bredniego<\/li><li>cofni\u0119cia wyra\u017conej zgody na przetwarzanie danych osobowych w dowolnym momencie. Cofni\u0119cie zgody pozostaje bez wp\u0142ywu na zgodno\u015b\u0107 z prawem ich przetwarzania na podstawie zgody udzielonej przed jej cofni\u0119ciem<\/li><li>w przypadku uznania, \u017ce przetwarzamy dane w spos\u00f3b niezgodny z prawem\u2013 wniesienia skargi do Prezesa Urz\u0119du Ochrony Danych Osobowych.<\/li><\/ul><p>W przypadku pyta\u0144 lub w celu skorzystania z przys\u0142uguj\u0105cych Ci praw skontaktuj si\u0119 z nami. Dane kontaktowe znajduj\u0105 si\u0119 w sekcji poni\u017cej <em>Jak si\u0119 z nami skontaktowa\u0107?<\/em>\u00a0<\/p><p>Odno\u015bniki do innych stron internetowych\u00a0<\/p><p>Dla Twojej wygody i w celach informacyjnych na naszej Stronie mo\u017cemy zamieszcza\u0107 odno\u015bniki do innych stron internetowych. Inne strony internetowe, do kt\u00f3rych zamieszczamy odno\u015bniki, zazwyczaj publikuj\u0105 w\u0142asne polityki dotycz\u0105ce prywatno\u015bci. Zach\u0119camy do zapoznania si\u0119 z nimi w przypadku odwiedzania takich stron. Nie ponosimy odpowiedzialno\u015bci za tre\u015bci publikowane na innych stronach internetowych, za same strony ani za praktyki prowadz\u0105cych je podmiot\u00f3w dotycz\u0105ce ochrony prywatno\u015bci.\u00a0<\/p><p>Cookies\u00a0<\/p><p>Pliki \u201ecookie\u201d to pliki tekstowe przesy\u0142ane przez strony internetowe na komputer lub inne po\u0142\u0105czone z Internetem urz\u0105dzenie u\u017cytkownika, kt\u00f3re umo\u017cliwiaj\u0105 jednoznaczne zidentyfikowanie przegl\u0105darki u\u017cytkownika lub zachowanie informacji o jej ustawieniach.\u00a0<\/p><p>Cookies zazwyczaj zawieraj\u0105 nazw\u0119 witryny, z kt\u00f3rej pochodz\u0105, ich czas przechowywania na urz\u0105dzeniu ko\u0144cowym i specjalny numer. U\u017cywamy plik\u00f3w cookies r\u00f3\u017cni\u0105cych si\u0119 od siebie zar\u00f3wno cyklem \u017cycia, jak i domen\u0105 internetow\u0105, od kt\u00f3rej pochodz\u0105.\u00a0<\/p><p>Ze wzgl\u0119du na cykl \u017cycia pliki cookies dzielimy na:\u00a0<\/p><ul><li>sesyjne \u2013 usuwane jednocze\u015bnie z zamkni\u0119ciem przegl\u0105darki internetowej,<\/li><li>trwa\u0142e \u2013 usuwane z up\u0142ywem okre\u015blonego z g\u00f3ry czasu, niezale\u017cnie od zamkni\u0119cia przegl\u0105darki internetowej.<\/li><\/ul><p>Ze wzgl\u0119du na domen\u0105 internetow\u0105, od kt\u00f3rej pochodz\u0105, pliki cookies dzielimy na:\u00a0<\/p><ul><li>w\u0142asne \u2013 ustawiane przez serwery internetowe naszej Strony,<\/li><li>os\u00f3b trzecich \u2013 ustawiane przez serwery internetowe innych stron ni\u017c nasza Strona.<\/li><\/ul><p>Pliki cookies wykorzystujemy w nast\u0119puj\u0105cych celach:\u00a0<\/p><ul><li>Optymalizacja korzystania ze Strony (niezb\u0119dne cookies)<\/li><\/ul><p>U\u017cywamy w\u0142asnych plik\u00f3w cookies w celu zapewnienia u\u017cytkownikom wygody korzystania ze Strony, w tym w celu ograniczania ilo\u015bci emisji pojawiaj\u0105cych si\u0119 powiadomie\u0144 (o aktualizacji Polityki, wykorzystywaniu plik\u00f3w cookies). Pliki cookies, kt\u00f3re s\u0105 niezb\u0119dne do korzystania ze strony internetowej, s\u0105 automatycznie instalowane w urz\u0105dzeniu u\u017cytkownika. Ich stosowanie jest niezb\u0119dne do \u015bwiadczenia us\u0142ugi telekomunikacyjnej (transmisja danych w celu wy\u015bwietlenia tre\u015bci) \u2013 u\u017cytkownik nie ma mo\u017cliwo\u015bci zrezygnowania z tych plik\u00f3w cookies, je\u015bli chce korzysta\u0107 ze Strony.\u00a0<\/p><p>U\u017cytkownik Strony mo\u017ce dokona\u0107 wyboru, dotycz\u0105cego wykorzystywania plik\u00f3w cookies przez odpowiedni\u0105 konfiguracj\u0119 przegl\u0105darki internetowej. Poni\u017cej wskazano instrukcje dotycz\u0105ce ustawie\u0144 plik\u00f3w cookies w najpopularniejszych przegl\u0105darkach internetowych.<\/p><table><tbody><tr><td width=\"113\"><p><strong>Przegl\u0105darka<\/strong><\/p><\/td><td width=\"491\"><p><strong>Link<\/strong><\/p><\/td><\/tr><tr><td width=\"113\"><p>Chrome<\/p><\/td><td width=\"491\"><p><a href=\"https:\/\/support.google.com\/chrome\/answer\/95647\">https:\/\/support.google.com\/chrome\/answer\/95647<\/a><\/p><\/td><\/tr><tr><td width=\"113\"><p>Opera<\/p><\/td><td width=\"491\"><p><a href=\"https:\/\/help.opera.com\/pl\/latest\/web-preferences\/\">https:\/\/help.opera.com\/pl\/latest\/web-preferences\/<\/a><\/p><\/td><\/tr><tr><td width=\"113\"><p>Safari<\/p><\/td><td width=\"491\"><p><a href=\"https:\/\/support.apple.com\/pl-pl\/guide\/safari\/ibrw850f6c51\/mac\">https:\/\/support.apple.com\/pl-pl\/guide\/safari\/ibrw850f6c51\/mac<\/a><\/p><\/td><\/tr><tr><td width=\"113\"><p>Firefox<\/p><\/td><td width=\"491\"><p><a href=\"https:\/\/support.mozilla.org\/pl\/kb\/usuwanie-ciasteczek-i-danych-stron-firefox\">https:\/\/support.mozilla.org\/pl\/kb\/usuwanie-ciasteczek-i-danych-stron-firefox<\/a><\/p><\/td><\/tr><\/tbody><\/table><p>Aktualizacje Polityki prywatno\u015bci\u00a0<\/p><p>Niniejsza Polityka prywatno\u015bci mo\u017ce by\u0107 okresowo aktualizowana, w g\u00f3rnej cz\u0119\u015bci niniejszego dokumentu wska\u017cemy dat\u0119 ostatniej aktualizacji.\u00a0<\/p><p>Jak si\u0119 z nami skontaktowa\u0107?\u00a0<\/p><p>Je\u015bli masz jakiekolwiek pytania dotycz\u0105ce niniejszej Polityki prywatno\u015bci lub chcesz skorzysta\u0107 z przys\u0142uguj\u0105cych Ci praw, prosimy o kontakt z Inspektorem Ochrony Danych drog\u0105 elektroniczn\u0105:\u00a0<\/p><ul><li><a href=\"mailto:daneosobowe@molecularww.com.pl\">daneosobowe@molecularww.com<\/a><\/li><\/ul><p>lub pisemnie na adres:\u00a0<\/p><ul><li>Molecular Worldwide z o.o. z siedzib\u0105 w Warszawie, ul. Wybrze\u017ce Gdy\u0144skie<\/li><\/ul>\t\t\t\t\t\t\t\t<\/div>\n\t\t\t\t<\/div>\n\t\t\t\t<\/div>\n\t\t\t\t<\/div>\n\t\t\t\t\t<\/div>\n\t\t\t\t<\/div>\n\t\t\t\t<\/div>","protected":false},"excerpt":{"rendered":"<p>Privacy Policy. Privacy Policy Date of last modification: April 25th, 2025. \u00a0\u00a0 This Privacy Policy governs the manner in which we, Molecular Worldwide sp. z o.o. (&#8220;Molecular&#8221;, We&#8221;) process personal data collected through the molecularcreative.pl .Website (the &#8220;Website&#8221;). In particular, the Privacy Policy describes the types of data we obtain through the Website, as well [&hellip;]<\/p>\n","protected":false},"author":1,"featured_media":0,"parent":0,"menu_order":0,"comment_status":"closed","ping_status":"closed","template":"","meta":{"_acf_changed":false,"footnotes":""},"class_list":["post-1156","page","type-page","status-publish","hentry"],"acf":[],"_links":{"self":[{"href":"https:\/\/molecularcreative.pl\/pl\/wp-json\/wp\/v2\/pages\/1156","targetHints":{"allow":["GET"]}}],"collection":[{"href":"https:\/\/molecularcreative.pl\/pl\/wp-json\/wp\/v2\/pages"}],"about":[{"href":"https:\/\/molecularcreative.pl\/pl\/wp-json\/wp\/v2\/types\/page"}],"author":[{"embeddable":true,"href":"https:\/\/molecularcreative.pl\/pl\/wp-json\/wp\/v2\/users\/1"}],"replies":[{"embeddable":true,"href":"https:\/\/molecularcreative.pl\/pl\/wp-json\/wp\/v2\/comments?post=1156"}],"version-history":[{"count":0,"href":"https:\/\/molecularcreative.pl\/pl\/wp-json\/wp\/v2\/pages\/1156\/revisions"}],"wp:attachment":[{"href":"https:\/\/molecularcreative.pl\/pl\/wp-json\/wp\/v2\/media?parent=1156"}],"curies":[{"name":"wp","href":"https:\/\/api.w.org\/{rel}","templated":true}]}}