{"id":1167,"date":"2024-09-09T20:56:50","date_gmt":"2024-09-09T20:56:50","guid":{"rendered":"https:\/\/molecularcreat.wpenginepowered.com\/?page_id=1167"},"modified":"2024-10-30T13:19:07","modified_gmt":"2024-10-30T13:19:07","slug":"cookies","status":"publish","type":"page","link":"https:\/\/molecularcreative.pl\/pl\/cookies\/","title":{"rendered":"Cookies"},"content":{"rendered":"<div data-elementor-type=\"wp-page\" data-elementor-id=\"1167\" class=\"elementor elementor-1167\" data-elementor-post-type=\"page\">\n\t\t\t\t<div class=\"elementor-element elementor-element-14cb519 e-flex e-con-boxed e-con e-parent\" data-id=\"14cb519\" data-element_type=\"container\" data-e-type=\"container\" data-settings=\"{&quot;background_background&quot;:&quot;classic&quot;}\">\n\t\t\t\t\t<div class=\"e-con-inner\">\n\t\t\t\t<div class=\"elementor-element elementor-element-001b7ed elementor-view-default elementor-widget elementor-widget-icon\" data-id=\"001b7ed\" data-element_type=\"widget\" data-e-type=\"widget\" data-widget_type=\"icon.default\">\n\t\t\t\t<div class=\"elementor-widget-container\">\n\t\t\t\t\t\t\t<div class=\"elementor-icon-wrapper\">\n\t\t\t<a class=\"elementor-icon\" href=\"https:\/\/molecularcreative.pl\/pl\">\n\t\t\t<svg xmlns=\"http:\/\/www.w3.org\/2000\/svg\" xmlns:xlink=\"http:\/\/www.w3.org\/1999\/xlink\" width=\"99.119\" height=\"50\" viewbox=\"0 0 99.119 50\"><defs><clippath id=\"clip-path\"><rect id=\"Rectangle_50\" data-name=\"Rectangle 50\" width=\"99.119\" height=\"50\" fill=\"none\" stroke=\"#000\" stroke-width=\"3\"><\/rect><\/clippath><\/defs><g id=\"Group_126\" data-name=\"Group 126\" transform=\"translate(-106.705 -191.5)\"><g id=\"Group_125\" data-name=\"Group 125\" transform=\"translate(205.824 241.5) rotate(180)\"><g id=\"Group_124\" data-name=\"Group 124\" transform=\"translate(0 0)\" clip-path=\"url(#clip-path)\"><path id=\"Path_84\" data-name=\"Path 84\" d=\"M118.366.707l24.56,24.56-24.56,24.56\" transform=\"translate(-44.686 -0.267)\" fill=\"none\" stroke=\"#000\" stroke-width=\"3\"><\/path><line id=\"Line_20\" data-name=\"Line 20\" x1=\"98.239\" transform=\"translate(0 25)\" fill=\"none\" stroke=\"#000\" stroke-width=\"3\"><\/line><\/g><\/g><\/g><\/svg>\t\t\t<\/a>\n\t\t<\/div>\n\t\t\t\t\t\t<\/div>\n\t\t\t\t<\/div>\n\t\t\t\t\t<\/div>\n\t\t\t\t<\/div>\n\t\t<div class=\"elementor-element elementor-element-7c2cbe4 e-flex e-con-boxed e-con e-parent\" data-id=\"7c2cbe4\" data-element_type=\"container\" data-e-type=\"container\" data-settings=\"{&quot;background_background&quot;:&quot;classic&quot;}\">\n\t\t\t\t\t<div class=\"e-con-inner\">\n\t\t<div class=\"elementor-element elementor-element-613e457 e-con-full e-flex e-con e-child\" data-id=\"613e457\" data-element_type=\"container\" data-e-type=\"container\">\n\t\t<div class=\"elementor-element elementor-element-65c8bef e-con-full e-flex e-con e-child\" data-id=\"65c8bef\" data-element_type=\"container\" data-e-type=\"container\">\n\t\t\t\t<div class=\"elementor-element elementor-element-99e61b3 elementor-widget__width-initial elementor-widget elementor-widget-heading\" data-id=\"99e61b3\" data-element_type=\"widget\" data-e-type=\"widget\" data-widget_type=\"heading.default\">\n\t\t\t\t<div class=\"elementor-widget-container\">\n\t\t\t\t\t<h1 class=\"elementor-heading-title elementor-size-default\">Ciasteczka.<\/h1>\t\t\t\t<\/div>\n\t\t\t\t<\/div>\n\t\t\t\t<\/div>\n\t\t<div class=\"elementor-element elementor-element-26c50fb e-con-full e-flex e-con e-child\" data-id=\"26c50fb\" data-element_type=\"container\" data-e-type=\"container\">\n\t\t\t\t<\/div>\n\t\t\t\t<\/div>\n\t\t<div class=\"elementor-element elementor-element-7ea4d98 e-con-full e-flex e-con e-child\" data-id=\"7ea4d98\" data-element_type=\"container\" data-e-type=\"container\">\n\t\t<div class=\"elementor-element elementor-element-90dc219 e-con-full e-flex e-con e-child\" data-id=\"90dc219\" data-element_type=\"container\" data-e-type=\"container\">\n\t\t\t\t<\/div>\n\t\t<div class=\"elementor-element elementor-element-bce380a e-con-full e-flex e-con e-child\" data-id=\"bce380a\" data-element_type=\"container\" data-e-type=\"container\">\n\t\t\t\t<div class=\"elementor-element elementor-element-2200521 paragraph-gap elementor-widget elementor-widget-text-editor\" data-id=\"2200521\" data-element_type=\"widget\" data-e-type=\"widget\" data-no-translation=\"\" data-widget_type=\"text-editor.default\">\n\t\t\t\t<div class=\"elementor-widget-container\">\n\t\t\t\t\t<style>.elementor-element-2200521{display:none !important}<\/style>\t\t\t\t<\/div>\n\t\t\t\t<\/div>\n\t\t\t\t<div class=\"elementor-element elementor-element-2b2f07c paragraph-gap elementor-widget elementor-widget-text-editor\" data-id=\"2b2f07c\" data-element_type=\"widget\" data-e-type=\"widget\" data-no-translation=\"\" data-widget_type=\"text-editor.default\">\n\t\t\t\t<div class=\"elementor-widget-container\">\n\t\t\t\t\t\t\t\t\t<p><strong>Drogi U\u017cytkowniku!<\/strong>\u00a0<\/p><p><strong>\u202f<\/strong>Molecular Worldwide sp. z o.o. oraz partnerzy, mog\u0105 u\u017cywa\u0107 plik\u00f3w cookies i podobnych technologii (nazywamy je \u0142\u0105cznie\u201e \u201eCookies\u201d) oraz Twoich danych osobowych, kt\u00f3re przekazujesz podczas przegl\u0105dania stron (w szczeg\u00f3lno\u015bci adresy IP, dane zbierane za pomoc\u0105 plik\u00f3w cookies) w celu optymalizacji i u\u0142atwienia korzystania ze strony.<\/p><p>Poprzez wybranie przycisku \u201eAKCEPTUJ\u0118\u201d o\u015bwiadczasz, \u017ce zapozna\u0142e\u015b\/ zapozna\u0142a\u015b si\u0119 z informacj\u0105 dot. instalacji plik\u00f3w cookies, kt\u00f3re s\u0105 niezb\u0119dne do korzystania ze strony internetowej, s\u0105 instalowane automatycznie i nie ma mo\u017cliwo\u015bci z ich zrezygnowania.<\/p><p>Wi\u0119cej informacji o korzystaniu z Cookies oraz o przetwarzaniu Twoich danych osobowych, w tym przys\u0142uguj\u0105cych Ci uprawnieniach, znajdziesz w naszej <a href=\"https:\/\/molecularcreat.wpenginepowered.com\/pl\/privacy-policy\/)\">Polityce prywatno\u015bci<\/a>.\u00a0<\/p>\t\t\t\t\t\t\t\t<\/div>\n\t\t\t\t<\/div>\n\t\t\t\t<\/div>\n\t\t\t\t<\/div>\n\t\t\t\t\t<\/div>\n\t\t\t\t<\/div>\n\t\t\t\t<\/div>","protected":false},"excerpt":{"rendered":"<p>Cookies. Dear User! \u202f Molecular Worldwide sp. z o.o. and partners, may use cookies and similar technologies (we refer to them collectively as cookies) and your personal data that you provide while browsing (i.e. IP addresses, data collected via cookies) to optimise and facilitate the use of the website. By selecting the \u201cI ACCEPT\u201d button, [&hellip;]<\/p>\n","protected":false},"author":1,"featured_media":0,"parent":0,"menu_order":0,"comment_status":"closed","ping_status":"closed","template":"","meta":{"_acf_changed":false,"footnotes":""},"class_list":["post-1167","page","type-page","status-publish","hentry"],"acf":[],"_links":{"self":[{"href":"https:\/\/molecularcreative.pl\/pl\/wp-json\/wp\/v2\/pages\/1167","targetHints":{"allow":["GET"]}}],"collection":[{"href":"https:\/\/molecularcreative.pl\/pl\/wp-json\/wp\/v2\/pages"}],"about":[{"href":"https:\/\/molecularcreative.pl\/pl\/wp-json\/wp\/v2\/types\/page"}],"author":[{"embeddable":true,"href":"https:\/\/molecularcreative.pl\/pl\/wp-json\/wp\/v2\/users\/1"}],"replies":[{"embeddable":true,"href":"https:\/\/molecularcreative.pl\/pl\/wp-json\/wp\/v2\/comments?post=1167"}],"version-history":[{"count":0,"href":"https:\/\/molecularcreative.pl\/pl\/wp-json\/wp\/v2\/pages\/1167\/revisions"}],"wp:attachment":[{"href":"https:\/\/molecularcreative.pl\/pl\/wp-json\/wp\/v2\/media?parent=1167"}],"curies":[{"name":"wp","href":"https:\/\/api.w.org\/{rel}","templated":true}]}}